{"id":2,"date":"2016-05-10T03:48:21","date_gmt":"2016-05-10T03:48:21","guid":{"rendered":"http:\/\/wp452m.a10-52-158-154.qa.plesk.ru\/wordpress\/?page_id=2"},"modified":"2026-02-13T16:13:05","modified_gmt":"2026-02-13T16:13:05","slug":"sample-page","status":"publish","type":"page","link":"https:\/\/loge-minerva-mainz.de\/","title":{"rendered":"Freimaurerloge \u201eMinerva am Rhein und Main\u201c im Orient Mainz"},"content":{"rendered":"<p><img loading=\"lazy\" decoding=\"async\" class=\"wp-image-99 size-full\" src=\"http:\/\/loge-minerva-mainz.de\/wp-content\/uploads\/2017\/04\/MinervaMedallie-1.jpg\" alt=\"\" width=\"233\" height=\"229\" \/><\/p>\n<p>&nbsp;<\/p>\n\n\n<p>Neues:<\/p>\n\n\n\n<p>Neuwahl des Meisters vom Stuhl:<\/p>\n\n\n\n<p><strong>Wahl des Stuhlmeisters der Freimaurerloge Minerva<\/strong><\/p>\n\n\n\n<p>Nach altem Brauchtum und gem\u00e4\u00df den geltenden Regeln unserer Loge fand am 31. Januar 2026 im Rahmen einer Vollversammlung der Logenmitglieder die Wahl eines neuen Meisters vom Stuhl statt. Diese Wahl markiert einen bedeutsamen Moment im Leben der Loge und steht zugleich f\u00fcr Kontinuit\u00e4t wie auch f\u00fcr Erneuerung innerhalb unserer br\u00fcderlichen Gemeinschaft.<\/p>\n\n\n\n<p>Der scheidende Meister vom Stuhl, der die Geschicke der Loge seit dem Jahr 2013 mit gro\u00dfem Engagement, Umsicht und Verantwortungsbewusstsein geleitet hat, hatte bereits im Vorfeld den Wunsch ge\u00e4u\u00dfert, die Leitung der Loge in j\u00fcngere H\u00e4nde zu \u00fcbergeben. Sein Wirken war gepr\u00e4gt von Best\u00e4ndigkeit, innerer Festigung der Loge sowie der Pflege freimaurerischer Werte und Traditionen.<\/p>\n\n\n\n<p>Mit der nun erfolgten Wahl verbindet sich die Hoffnung, dass der neu gew\u00e4hlte Stuhlmeister die bew\u00e4hrten Grundlagen weiterf\u00fchrt und zugleich neue Impulse setzt, damit die Loge Minerva auch k\u00fcnftig ein lebendiger Ort br\u00fcderlicher Begegnung, geistiger Arbeit und pers\u00f6nlicher Entwicklung bleibt.<\/p>\n\n\n\n<figure class=\"wp-block-image size-full\"><img loading=\"lazy\" decoding=\"async\" width=\"583\" height=\"565\" src=\"https:\/\/loge-minerva-mainz.de\/wp-content\/uploads\/2026\/02\/image-4.png\" alt=\"\" class=\"wp-image-284\" srcset=\"https:\/\/loge-minerva-mainz.de\/wp-content\/uploads\/2026\/02\/image-4.png 583w, https:\/\/loge-minerva-mainz.de\/wp-content\/uploads\/2026\/02\/image-4-300x291.png 300w\" sizes=\"auto, (max-width: 583px) 100vw, 583px\" \/><\/figure>\n","protected":false},"excerpt":{"rendered":"<p>&nbsp; Neues: Neuwahl des Meisters vom Stuhl: Wahl des Stuhlmeisters der Freimaurerloge Minerva Nach altem Brauchtum und gem\u00e4\u00df den geltenden Regeln unserer Loge fand am 31. Januar 2026 im Rahmen einer Vollversammlung der Logenmitglieder die Wahl eines neuen Meisters vom Stuhl statt. Diese Wahl markiert einen bedeutsamen Moment im Leben der Loge und steht zugleich &hellip; <\/p>\n<p class=\"link-more\"><a href=\"https:\/\/loge-minerva-mainz.de\/\" class=\"more-link\"><span class=\"screen-reader-text\">\u201eFreimaurerloge \u201eMinerva am Rhein und Main\u201c im Orient Mainz\u201c <\/span>weiterlesen<\/a><\/p>\n","protected":false},"author":1,"featured_media":0,"parent":0,"menu_order":0,"comment_status":"closed","ping_status":"open","template":"","meta":{"footnotes":""},"class_list":["post-2","page","type-page","status-publish","hentry"],"_links":{"self":[{"href":"https:\/\/loge-minerva-mainz.de\/index.php?rest_route=\/wp\/v2\/pages\/2","targetHints":{"allow":["GET"]}}],"collection":[{"href":"https:\/\/loge-minerva-mainz.de\/index.php?rest_route=\/wp\/v2\/pages"}],"about":[{"href":"https:\/\/loge-minerva-mainz.de\/index.php?rest_route=\/wp\/v2\/types\/page"}],"author":[{"embeddable":true,"href":"https:\/\/loge-minerva-mainz.de\/index.php?rest_route=\/wp\/v2\/users\/1"}],"replies":[{"embeddable":true,"href":"https:\/\/loge-minerva-mainz.de\/index.php?rest_route=%2Fwp%2Fv2%2Fcomments&post=2"}],"version-history":[{"count":11,"href":"https:\/\/loge-minerva-mainz.de\/index.php?rest_route=\/wp\/v2\/pages\/2\/revisions"}],"predecessor-version":[{"id":288,"href":"https:\/\/loge-minerva-mainz.de\/index.php?rest_route=\/wp\/v2\/pages\/2\/revisions\/288"}],"wp:attachment":[{"href":"https:\/\/loge-minerva-mainz.de\/index.php?rest_route=%2Fwp%2Fv2%2Fmedia&parent=2"}],"curies":[{"name":"wp","href":"https:\/\/api.w.org\/{rel}","templated":true}]}}