{"id":296,"date":"2026-02-14T17:14:35","date_gmt":"2026-02-14T17:14:35","guid":{"rendered":"https:\/\/loge-minerva-mainz.de\/?page_id=296"},"modified":"2026-02-14T18:03:43","modified_gmt":"2026-02-14T18:03:43","slug":"news","status":"publish","type":"page","link":"https:\/\/loge-minerva-mainz.de\/?page_id=296","title":{"rendered":"News"},"content":{"rendered":"\n<figure class=\"wp-block-gallery has-nested-images columns-default is-cropped wp-block-gallery-1 is-layout-flex wp-block-gallery-is-layout-flex\">\n<figure class=\"wp-block-image size-large\"><a href=\"https:\/\/wolfstieg-gesellschaft.org\/fml-magazin-018-februar-2026\/\"><img loading=\"lazy\" decoding=\"async\" width=\"723\" height=\"1024\" data-id=\"300\" src=\"https:\/\/loge-minerva-mainz.de\/wp-content\/uploads\/2026\/02\/FML-018-Februar-2026-WSG-Cover-723x1024.png\" alt=\"\" class=\"wp-image-300\" srcset=\"https:\/\/loge-minerva-mainz.de\/wp-content\/uploads\/2026\/02\/FML-018-Februar-2026-WSG-Cover-723x1024.png 723w, https:\/\/loge-minerva-mainz.de\/wp-content\/uploads\/2026\/02\/FML-018-Februar-2026-WSG-Cover-212x300.png 212w, https:\/\/loge-minerva-mainz.de\/wp-content\/uploads\/2026\/02\/FML-018-Februar-2026-WSG-Cover-768x1088.png 768w, https:\/\/loge-minerva-mainz.de\/wp-content\/uploads\/2026\/02\/FML-018-Februar-2026-WSG-Cover-1085x1536.png 1085w, https:\/\/loge-minerva-mainz.de\/wp-content\/uploads\/2026\/02\/FML-018-Februar-2026-WSG-Cover.png 1127w\" sizes=\"auto, (max-width: 723px) 100vw, 723px\" \/><\/a><\/figure>\n<\/figure>\n\n\n\n<p><a href=\"https:\/\/wolfstieg-gesellschaft.org\/wp-content\/uploads\/2026\/02\/018-FML-Magazin-2026-Maerz-ENTWURF-final.pdf\">https:\/\/wolfstieg-gesellschaft.org\/wp-content\/uploads\/2026\/02\/018-FML-Magazin-2026-Maerz-ENTWURF-final.pdf<\/a><\/p>\n\n\n\n<figure class=\"wp-block-image size-large\"><img loading=\"lazy\" decoding=\"async\" width=\"1024\" height=\"768\" src=\"https:\/\/loge-minerva-mainz.de\/wp-content\/uploads\/2026\/02\/image-2-1024x768.png\" alt=\"\" class=\"wp-image-281\" srcset=\"https:\/\/loge-minerva-mainz.de\/wp-content\/uploads\/2026\/02\/image-2-1024x768.png 1024w, https:\/\/loge-minerva-mainz.de\/wp-content\/uploads\/2026\/02\/image-2-300x225.png 300w, https:\/\/loge-minerva-mainz.de\/wp-content\/uploads\/2026\/02\/image-2-768x576.png 768w, https:\/\/loge-minerva-mainz.de\/wp-content\/uploads\/2026\/02\/image-2.png 1440w\" sizes=\"auto, (max-width: 706px) 89vw, (max-width: 767px) 82vw, 740px\" \/><\/figure>\n\n\n\n<p>Ein besonderes Ereignis liegt hinter uns, unsere Tafelloge 2026. Die Br\u00fcder u. Schwestern unserer Loge zelebrieren am Samstag den 31.01.2026 eine dem Brauchtum entsprechende Tafelloge. Leckere Speisen und Getr\u00e4nke sowie Trinkspr\u00fcche rundeten den Abend geh\u00f6rig ab. Besonderen Dank gilt den Lehrlingen der Loge, die sich in m\u00fchevoller Arbeit von der Planung \u00fcber den Einkauf sowie die Durchf\u00fchrung au\u00dferordentlich eingebracht haben. Sei es die Tischdecko, die Serviettenhalter, Untersetzer f\u00fcr Getr\u00e4nke als auch die Speisen. Ein mehrg\u00e4niges Men\u00fc aus vegetarischen sowie nicht-vegetarischen Speisen wurde von den LL zubereitet und den Brauchtum entsprechend gereicht.<\/p>\n\n\n\n<p>Leider waren einige Schwestern und Br\u00fcder durch Krankheit oder Dienst ver hindert. An dieser Stelle die besten Genesungsw\u00fcnsche, ihr habt gefehlt.<\/p>\n\n\n\n<p>Eine gelungene Tafelloge die allen Anwesenden noch sehr lange in Erinnerung bleiben wird.<\/p>\n\n\n\n<p>Besonders die Trinkspr\u00fcche, in Franz\u00f6sisch, Finnisch sowie auf Deutsch betonten die Verbundenheit der V\u00f6lker und den Wunsch in Frieden, Freiheit, Gesund und Frei Leben zu k\u00f6nnen.<\/p>\n\n\n\n<figure class=\"wp-block-image size-full\"><img loading=\"lazy\" decoding=\"async\" width=\"583\" height=\"565\" src=\"https:\/\/loge-minerva-mainz.de\/wp-content\/uploads\/2026\/02\/image-4.png\" alt=\"Tafelloge Januar 2026 - Men\u00fckarten - Tischkarten\" class=\"wp-image-284\" srcset=\"https:\/\/loge-minerva-mainz.de\/wp-content\/uploads\/2026\/02\/image-4.png 583w, https:\/\/loge-minerva-mainz.de\/wp-content\/uploads\/2026\/02\/image-4-300x291.png 300w\" sizes=\"auto, (max-width: 583px) 100vw, 583px\" \/><\/figure>\n","protected":false},"excerpt":{"rendered":"<p>https:\/\/wolfstieg-gesellschaft.org\/wp-content\/uploads\/2026\/02\/018-FML-Magazin-2026-Maerz-ENTWURF-final.pdf Ein besonderes Ereignis liegt hinter uns, unsere Tafelloge 2026. Die Br\u00fcder u. Schwestern unserer Loge zelebrieren am Samstag den 31.01.2026 eine dem Brauchtum entsprechende Tafelloge. Leckere Speisen und Getr\u00e4nke sowie Trinkspr\u00fcche rundeten den Abend geh\u00f6rig ab. Besonderen Dank gilt den Lehrlingen der Loge, die sich in m\u00fchevoller Arbeit von der Planung \u00fcber den Einkauf &hellip; <\/p>\n<p class=\"link-more\"><a href=\"https:\/\/loge-minerva-mainz.de\/?page_id=296\" class=\"more-link\"><span class=\"screen-reader-text\">\u201eNews\u201c <\/span>weiterlesen<\/a><\/p>\n","protected":false},"author":2,"featured_media":0,"parent":0,"menu_order":0,"comment_status":"closed","ping_status":"closed","template":"","meta":{"footnotes":""},"class_list":["post-296","page","type-page","status-publish","hentry"],"_links":{"self":[{"href":"https:\/\/loge-minerva-mainz.de\/index.php?rest_route=\/wp\/v2\/pages\/296","targetHints":{"allow":["GET"]}}],"collection":[{"href":"https:\/\/loge-minerva-mainz.de\/index.php?rest_route=\/wp\/v2\/pages"}],"about":[{"href":"https:\/\/loge-minerva-mainz.de\/index.php?rest_route=\/wp\/v2\/types\/page"}],"author":[{"embeddable":true,"href":"https:\/\/loge-minerva-mainz.de\/index.php?rest_route=\/wp\/v2\/users\/2"}],"replies":[{"embeddable":true,"href":"https:\/\/loge-minerva-mainz.de\/index.php?rest_route=%2Fwp%2Fv2%2Fcomments&post=296"}],"version-history":[{"count":5,"href":"https:\/\/loge-minerva-mainz.de\/index.php?rest_route=\/wp\/v2\/pages\/296\/revisions"}],"predecessor-version":[{"id":318,"href":"https:\/\/loge-minerva-mainz.de\/index.php?rest_route=\/wp\/v2\/pages\/296\/revisions\/318"}],"wp:attachment":[{"href":"https:\/\/loge-minerva-mainz.de\/index.php?rest_route=%2Fwp%2Fv2%2Fmedia&parent=296"}],"curies":[{"name":"wp","href":"https:\/\/api.w.org\/{rel}","templated":true}]}}