{"id":62,"date":"2017-04-06T13:16:23","date_gmt":"2017-04-06T13:16:23","guid":{"rendered":"http:\/\/loge-minerva-mainz.de\/?page_id=62"},"modified":"2017-04-06T13:16:23","modified_gmt":"2017-04-06T13:16:23","slug":"fuer-interessenten","status":"publish","type":"page","link":"https:\/\/loge-minerva-mainz.de\/?page_id=62","title":{"rendered":"F\u00fcr Interessenten"},"content":{"rendered":"<h1>Wer kann mitmachen?<\/h1>\n<p>M\u00e4nner und Frauen. Sie sind vollj\u00e4hrig, f\u00fchren einen im Sinne des Strafrechtes unbescholtenen Lebenswandel, befinden sich in geordneten Verh\u00e4ltnissen und verf\u00fcgen \u00fcber die geistige Freiheit, die es Ihnen erlaubt, Ihre Handlungen selbst zu bestimmen.<\/p>\n<p>Freimaurer betrachten es als \u201eK\u00f6nigliche Kunst&#8220;, sich mit dem eigenen Ich zu befassen, durch Sinneswandel sich zu t\u00e4tiger N\u00e4chstenliebe und zu einer beispielhaften Lebensf\u00fchrung zu motivieren. Deshalb erwarten wir die Bereitschaft, gern an Ihrer eigenen Pers\u00f6nlichkeit zu arbeiten. Sie sollten Freude an Neuem haben und bereit sein, im Laufe Ihrer Mitgliedschaft, selbst Aufgaben zu \u00fcbernehmen.<\/p>\n<p>Ihre Herkunft, Hautfarbe, Ihr Stand oder Ihr Einkommen sowie Ihre Politische und Religi\u00f6se Einstellung ist nicht relevant. Religi\u00f6se sowie Politische Fanatiker passen wohl eher nicht in unseren Bund.<br \/>\nDer Begriff \u201eBr\u00fcderlichkeit&#8220; sollte darum \u2013 bei ernsthaftem Interesse \u2013 kein Fremdwort f\u00fcr Sie sein.<br \/>\nIhr Partner sollte \u00fcber Ihre Interesse vertraut und Sie bei der Mitgliedschaft unterst\u00fctzen.<\/p>\n<p>Das klingt anspruchsvoll? \u2013 Ist es auch, aber keine Angst, der Spa\u00df an der Freimaurerei spielt bei uns ebenfalls eine Rolle. Und \u00fcberfordert wird bei uns niemand. Trauen Sie sich also ruhig, neue Wege zu gehen! Wenn sie ein Interesse an der Freimaurerei versp\u00fcren, sollten Sie zwanglos Kontakt mit uns aufnehmen. Das geht am besten per E-Mail. Sie erhalten dann weiteres Informationsmaterial und \u2013 falls Sie es w\u00fcnschen \u2013 wird eine Bruder oder Schwester ein erstes pers\u00f6nliches Gespr\u00e4ch mit Ihnen vereinbaren.<\/p>\n<p>Es werden auch sogenannte G\u00e4steabende stattfinden, diese Termine erfahren Sie auch \u00fcber die Mailadresse.<br \/>\nDa wir \u00fcbrigens von der Idee eines Bruderbundes auf Lebenszeit ausgehen, macht ein lediglich kurzfristiges Engagement, weder f\u00fcr Sie noch f\u00fcr uns, einen Sinn.<\/p>\n","protected":false},"excerpt":{"rendered":"<p>Wer kann mitmachen? M\u00e4nner und Frauen. Sie sind vollj\u00e4hrig, f\u00fchren einen im Sinne des Strafrechtes unbescholtenen Lebenswandel, befinden sich in geordneten Verh\u00e4ltnissen und verf\u00fcgen \u00fcber die geistige Freiheit, die es Ihnen erlaubt, Ihre Handlungen selbst zu bestimmen. Freimaurer betrachten es als \u201eK\u00f6nigliche Kunst&#8220;, sich mit dem eigenen Ich zu befassen, durch Sinneswandel sich zu t\u00e4tiger &hellip; <\/p>\n<p class=\"link-more\"><a href=\"https:\/\/loge-minerva-mainz.de\/?page_id=62\" class=\"more-link\"><span class=\"screen-reader-text\">\u201eF\u00fcr Interessenten\u201c <\/span>weiterlesen<\/a><\/p>\n","protected":false},"author":1,"featured_media":0,"parent":0,"menu_order":0,"comment_status":"closed","ping_status":"closed","template":"","meta":{"footnotes":""},"class_list":["post-62","page","type-page","status-publish","hentry"],"_links":{"self":[{"href":"https:\/\/loge-minerva-mainz.de\/index.php?rest_route=\/wp\/v2\/pages\/62","targetHints":{"allow":["GET"]}}],"collection":[{"href":"https:\/\/loge-minerva-mainz.de\/index.php?rest_route=\/wp\/v2\/pages"}],"about":[{"href":"https:\/\/loge-minerva-mainz.de\/index.php?rest_route=\/wp\/v2\/types\/page"}],"author":[{"embeddable":true,"href":"https:\/\/loge-minerva-mainz.de\/index.php?rest_route=\/wp\/v2\/users\/1"}],"replies":[{"embeddable":true,"href":"https:\/\/loge-minerva-mainz.de\/index.php?rest_route=%2Fwp%2Fv2%2Fcomments&post=62"}],"version-history":[{"count":1,"href":"https:\/\/loge-minerva-mainz.de\/index.php?rest_route=\/wp\/v2\/pages\/62\/revisions"}],"predecessor-version":[{"id":63,"href":"https:\/\/loge-minerva-mainz.de\/index.php?rest_route=\/wp\/v2\/pages\/62\/revisions\/63"}],"wp:attachment":[{"href":"https:\/\/loge-minerva-mainz.de\/index.php?rest_route=%2Fwp%2Fv2%2Fmedia&parent=62"}],"curies":[{"name":"wp","href":"https:\/\/api.w.org\/{rel}","templated":true}]}}